{"id":22,"date":"2023-10-25T21:24:29","date_gmt":"2023-10-25T21:24:29","guid":{"rendered":"http:\/\/stalag.malbork.pl\/en\/?page_id=22"},"modified":"2023-10-29T18:12:31","modified_gmt":"2023-10-29T18:12:31","slug":"sport","status":"publish","type":"page","link":"http:\/\/stalag.malbork.pl\/en\/sport\/","title":{"rendered":"Sport"},"content":{"rendered":"\n<figure class=\"wp-block-image size-large\"><img loading=\"lazy\" decoding=\"async\" width=\"1024\" height=\"681\" src=\"http:\/\/stalag.malbork.pl\/en\/wp-content\/uploads\/2023\/10\/V-P-HIST-01811-19A-1024x681.jpg\" alt=\"Wojna 1939-1945. Marienburga. Stalag XX B, ob\u00f3z wi\u0119\u017ani\u00f3w wojennych.  Wojna 1939-1945. Marienburga. Stalag XX B, ob\u00f3z jeniecki. Dwie najlepsze dru\u017cyny pi\u0142karskie angielskich je\u0144c\u00f3w wojennych.\" class=\"wp-image-60\" srcset=\"http:\/\/stalag.malbork.pl\/en\/wp-content\/uploads\/2023\/10\/V-P-HIST-01811-19A-1024x681.jpg 1024w, http:\/\/stalag.malbork.pl\/en\/wp-content\/uploads\/2023\/10\/V-P-HIST-01811-19A-300x200.jpg 300w, http:\/\/stalag.malbork.pl\/en\/wp-content\/uploads\/2023\/10\/V-P-HIST-01811-19A-768x511.jpg 768w, http:\/\/stalag.malbork.pl\/en\/wp-content\/uploads\/2023\/10\/V-P-HIST-01811-19A-1536x1021.jpg 1536w, http:\/\/stalag.malbork.pl\/en\/wp-content\/uploads\/2023\/10\/V-P-HIST-01811-19A.jpg 1624w\" sizes=\"auto, (max-width: 1024px) 100vw, 1024px\" \/><\/figure>\n\n\n\n<figure class=\"wp-block-image size-large\"><img loading=\"lazy\" decoding=\"async\" width=\"1024\" height=\"732\" src=\"http:\/\/stalag.malbork.pl\/en\/wp-content\/uploads\/2023\/10\/V-P-HIST-01812-17A-1024x732.jpg\" alt=\"Wojna 1939-1945. Marienburg. Stalag XX B, ob\u00f3z wi\u0119\u017ani\u00f3w wojennych. Mecz pi\u0142karski dla wi\u0119\u017ani\u00f3w brytyjskich. Wojna 1939-1945. Marienburg. Stalag XX B, ob\u00f3z jeniecki. Mecz pi\u0142ki no\u017cnej angielskich je\u0144c\u00f3w wojennych r\u00f3\u017cnych dru\u017cyn.\" class=\"wp-image-62\" srcset=\"http:\/\/stalag.malbork.pl\/en\/wp-content\/uploads\/2023\/10\/V-P-HIST-01812-17A-1024x732.jpg 1024w, http:\/\/stalag.malbork.pl\/en\/wp-content\/uploads\/2023\/10\/V-P-HIST-01812-17A-300x215.jpg 300w, http:\/\/stalag.malbork.pl\/en\/wp-content\/uploads\/2023\/10\/V-P-HIST-01812-17A-768x549.jpg 768w, http:\/\/stalag.malbork.pl\/en\/wp-content\/uploads\/2023\/10\/V-P-HIST-01812-17A.jpg 1510w\" sizes=\"auto, (max-width: 1024px) 100vw, 1024px\" \/><\/figure>\n\n\n\n<figure class=\"wp-block-image size-large\"><img loading=\"lazy\" decoding=\"async\" width=\"1024\" height=\"721\" src=\"http:\/\/stalag.malbork.pl\/en\/wp-content\/uploads\/2023\/10\/V-P-HIST-01812-21A-1024x721.jpg\" alt=\"Stalag XX B, ob\u00f3z jeniecki. Mecz pi\u0142ki no\u017cnej angielskich je\u0144c\u00f3w wojennych r\u00f3\u017cnych dru\u017cyn.\" class=\"wp-image-64\" srcset=\"http:\/\/stalag.malbork.pl\/en\/wp-content\/uploads\/2023\/10\/V-P-HIST-01812-21A-1024x721.jpg 1024w, http:\/\/stalag.malbork.pl\/en\/wp-content\/uploads\/2023\/10\/V-P-HIST-01812-21A-300x211.jpg 300w, http:\/\/stalag.malbork.pl\/en\/wp-content\/uploads\/2023\/10\/V-P-HIST-01812-21A-768x541.jpg 768w, http:\/\/stalag.malbork.pl\/en\/wp-content\/uploads\/2023\/10\/V-P-HIST-01812-21A.jpg 1533w\" sizes=\"auto, (max-width: 1024px) 100vw, 1024px\" \/><\/figure>\n\n\n\n<figure class=\"wp-block-image size-large\"><img loading=\"lazy\" decoding=\"async\" width=\"1024\" height=\"653\" src=\"http:\/\/stalag.malbork.pl\/en\/wp-content\/uploads\/2023\/10\/V-P-HIST-01812-26-1024x653.jpg\" alt=\"Wojna 1939-1945. Marienburg. Stalag XX B, ob\u00f3z wi\u0119\u017ani\u00f3w wojennych. Mecz pi\u0142karski dla wi\u0119\u017ani\u00f3w brytyjskich. Wojna 1939-1945. Marienburg. Stalag XX B, ob\u00f3z jeniecki. Mecz pi\u0142ki no\u017cnej angielskich je\u0144c\u00f3w wojennych r\u00f3\u017cnych dru\u017cyn.\" class=\"wp-image-66\" srcset=\"http:\/\/stalag.malbork.pl\/en\/wp-content\/uploads\/2023\/10\/V-P-HIST-01812-26-1024x653.jpg 1024w, http:\/\/stalag.malbork.pl\/en\/wp-content\/uploads\/2023\/10\/V-P-HIST-01812-26-300x191.jpg 300w, http:\/\/stalag.malbork.pl\/en\/wp-content\/uploads\/2023\/10\/V-P-HIST-01812-26-768x490.jpg 768w, http:\/\/stalag.malbork.pl\/en\/wp-content\/uploads\/2023\/10\/V-P-HIST-01812-26-1536x980.jpg 1536w, http:\/\/stalag.malbork.pl\/en\/wp-content\/uploads\/2023\/10\/V-P-HIST-01812-26.jpg 1693w\" sizes=\"auto, (max-width: 1024px) 100vw, 1024px\" \/><\/figure>\n\n\n\n<figure class=\"wp-block-image size-full\"><img loading=\"lazy\" decoding=\"async\" width=\"960\" height=\"565\" src=\"http:\/\/stalag.malbork.pl\/en\/wp-content\/uploads\/2023\/10\/106572.jpg\" alt=\"Stalag XX B, ob\u00f3z jeniecki. Zawody biegowe, 5 zawodnik\u00f3w na bie\u017cni gotowych do startu, reszta osadzonych przygl\u0105da si\u0119 zmaganiom.\" class=\"wp-image-67\" srcset=\"http:\/\/stalag.malbork.pl\/en\/wp-content\/uploads\/2023\/10\/106572.jpg 960w, http:\/\/stalag.malbork.pl\/en\/wp-content\/uploads\/2023\/10\/106572-300x177.jpg 300w, http:\/\/stalag.malbork.pl\/en\/wp-content\/uploads\/2023\/10\/106572-768x452.jpg 768w\" sizes=\"auto, (max-width: 960px) 100vw, 960px\" \/><\/figure>\n\n\n\n<figure class=\"wp-block-image size-full\"><img loading=\"lazy\" decoding=\"async\" width=\"960\" height=\"648\" src=\"http:\/\/stalag.malbork.pl\/en\/wp-content\/uploads\/2023\/10\/106571.jpg\" alt=\"Stalag XX B, ob\u00f3z jeniecki. Dru\u017cyna pi\u0142karska. W tle barak obowozowy. \" class=\"wp-image-69\" srcset=\"http:\/\/stalag.malbork.pl\/en\/wp-content\/uploads\/2023\/10\/106571.jpg 960w, http:\/\/stalag.malbork.pl\/en\/wp-content\/uploads\/2023\/10\/106571-300x203.jpg 300w, http:\/\/stalag.malbork.pl\/en\/wp-content\/uploads\/2023\/10\/106571-768x518.jpg 768w\" sizes=\"auto, (max-width: 960px) 100vw, 960px\" \/><\/figure>\n\n\n\n<figure class=\"wp-block-image size-full\"><img loading=\"lazy\" decoding=\"async\" width=\"785\" height=\"550\" src=\"http:\/\/stalag.malbork.pl\/en\/wp-content\/uploads\/2023\/10\/380228873_254731390529780_3098512239983476883_n.jpg\" alt=\"\" class=\"wp-image-122\" srcset=\"http:\/\/stalag.malbork.pl\/en\/wp-content\/uploads\/2023\/10\/380228873_254731390529780_3098512239983476883_n.jpg 785w, http:\/\/stalag.malbork.pl\/en\/wp-content\/uploads\/2023\/10\/380228873_254731390529780_3098512239983476883_n-300x210.jpg 300w, http:\/\/stalag.malbork.pl\/en\/wp-content\/uploads\/2023\/10\/380228873_254731390529780_3098512239983476883_n-768x538.jpg 768w\" sizes=\"auto, (max-width: 785px) 100vw, 785px\" \/><\/figure>\n\n\n\n<hr class=\"wp-block-separator has-alpha-channel-opacity is-style-wide\"\/>\n\n\n\n<p class=\"has-text-align-center\">materia\u0142y zamieszczone na stronie na licencji CC BY-SA 3.0<\/p>\n","protected":false},"excerpt":{"rendered":"<p>materia\u0142y zamieszczone na stronie na licencji CC BY-SA 3.0<\/p>\n","protected":false},"author":1,"featured_media":0,"parent":0,"menu_order":0,"comment_status":"closed","ping_status":"closed","template":"","meta":{"footnotes":""},"class_list":["post-22","page","type-page","status-publish","hentry"],"_links":{"self":[{"href":"http:\/\/stalag.malbork.pl\/en\/wp-json\/wp\/v2\/pages\/22","targetHints":{"allow":["GET"]}}],"collection":[{"href":"http:\/\/stalag.malbork.pl\/en\/wp-json\/wp\/v2\/pages"}],"about":[{"href":"http:\/\/stalag.malbork.pl\/en\/wp-json\/wp\/v2\/types\/page"}],"author":[{"embeddable":true,"href":"http:\/\/stalag.malbork.pl\/en\/wp-json\/wp\/v2\/users\/1"}],"replies":[{"embeddable":true,"href":"http:\/\/stalag.malbork.pl\/en\/wp-json\/wp\/v2\/comments?post=22"}],"version-history":[{"count":5,"href":"http:\/\/stalag.malbork.pl\/en\/wp-json\/wp\/v2\/pages\/22\/revisions"}],"predecessor-version":[{"id":123,"href":"http:\/\/stalag.malbork.pl\/en\/wp-json\/wp\/v2\/pages\/22\/revisions\/123"}],"wp:attachment":[{"href":"http:\/\/stalag.malbork.pl\/en\/wp-json\/wp\/v2\/media?parent=22"}],"curies":[{"name":"wp","href":"https:\/\/api.w.org\/{rel}","templated":true}]}}